{"id":57,"date":"2024-01-02T17:17:49","date_gmt":"2024-01-02T17:17:49","guid":{"rendered":"https:\/\/www.ruehmann-alltagsbegleitung.de\/?page_id=57"},"modified":"2024-01-05T20:23:55","modified_gmt":"2024-01-05T20:23:55","slug":"agb","status":"publish","type":"page","link":"https:\/\/www.ruehmann-alltagsbegleitung.de\/?page_id=57","title":{"rendered":"AGB"},"content":{"rendered":"\n<p>\u00a71.<\/p>\n\n\n\n<p class=\"has-text-align-left\">1.) Die Alltagsbegleiterin Sonja R\u00fchmann wird im nachfolgenden als Auftragnehmerin benannt.   2.) Die AGB gilt f\u00fcr jegliche Art von Gesch\u00e4ftsbeziehungen  3.) Die AGB gilt ausschlie\u00dflich ohne Nebenabreden.<\/p>\n\n\n\n<p>\u00a72.<\/p>\n\n\n\n<p>1.) Das Angebot richtet sich nach dem zur Zeit g\u00fcltigen Leistungsverzeichnis sowie nach individueller Absprache und mu\u00df schriftlich dargelegt werden.  2.) Medizinische Leistungen sind nur nach vorheriger \u00e4rztlicher Delegation m\u00f6glich. 3.) Die individuelle Abstimmung erfolgt \u00fcber ein Kennlerngespr\u00e4ch mit Beachtung der DSGV.<\/p>\n\n\n\n<p>\u00a73.<\/p>\n\n\n\n<p>1. ) Zum Vertragsabschlu\u00df mu\u00df ein schriftlicher Auftrag vorliegen  2. ) Die Auftragnehmerin beh\u00e4lt sich das Recht vor diesen Auftrag abzulehnen.<\/p>\n\n\n\n<p>\u00a74.<\/p>\n\n\n\n<p>1.)  Beendigung des Vertrages : a) bei fristgerechter K\u00fcndigung oder Tod des Auftraggebers b) Freistellung bei einem eventuellen Krankenhausaufenthaltes o.\u00e4. wichtigem Grund c) Die K\u00fcndigung mu\u00df in schriftlicher Textform erfolgen, die Beendigung aus wichtigem Grund bleibt bestehen.<\/p>\n\n\n\n<p>\u00a75.<\/p>\n\n\n\n<p>1. ) Bei Haftungsfragen sind Sch\u00e4den unverz\u00fcglich anzuzeigen. 2.) Eventuelle M\u00e4ngel m\u00fcssen in Textform vorgelegt werden.<\/p>\n\n\n\n<p>\u00a76.<\/p>\n\n\n\n<p>1.) Die Zahlung erfolgt jeweils nach Erbringung der Leistung, nach Laufzeit oder ggf. nach Absprache sp\u00e4testens zum Monatsende. 2.) Die F\u00e4lligkeitsfrist betr\u00e4gt 7 Tage. 3.) Bei \u00dcberschreitung erfolgt eine Mahnung, nach 14Tagen Verzug fallen die gesetzlich vorgegebenen Verzugszinsen an. 4.) Der Preis nach Vertrag ist je nach angefangener Stunde zu entrichten. 5.) Absagen m\u00fcssen sp\u00e4testens 24 Std. zwischen 9-18 Uhr oder per Mail erfolgen, ansonsten wird eine Ausfallgeb\u00fchr lt.\u00a7615 S.1 BGB erhoben. 6.) Eine Entgelterh\u00f6hung ist nur in Textform dem Kunden sp\u00e4testens 4 Wochen vor Inkrafttreten mitzuteilen.<\/p>\n\n\n\n<p>\u00a77.<\/p>\n\n\n\n<p>1.) Die Schweigepflicht findet hier Anwendung, auf Wunsch k\u00f6nnen Ausnahmen z.B f\u00fcr Beh\u00f6rdeng\u00e4nge gemacht werden.<\/p>\n\n\n\n<p>\u00a78.<\/p>\n\n\n\n<p>1.) Der Gerichtsstand befindet sich an der Wirkungsst\u00e4tte der Auftragnehmerin, hier das Amtsgericht Meldorf.<\/p>\n\n\n\n<p>\u00a79.<\/p>\n\n\n\n<p>Klausel nach \u00a7306 BGB :<\/p>\n\n\n\n<ol class=\"wp-block-list\">\n<li>Sind Allgemeine Gesch\u00e4ftsbedingungen ganz oder teilweise nicht Vertragsbestandteil geworden oder unwirksam, so bleibt der Vertrag im \u00dcbrigen wirksam.<\/li>\n\n\n\n<li>Soweit die Bestimmungen nicht Vertragsbestandteil geworden oder unwirksam sind, richtet sich der Inhalt des Vertrags nach den gesetzlichen Vorschriften.<\/li>\n\n\n\n<li>Der Vertrag ist unwirksam, wenn das Festhalten an ihm auch unter Ber\u00fccksichtigung der nach Absatz 2 vorgesehenen \u00c4nderung eine unzumutbare H\u00e4rte f\u00fcr eine Vertragspartei darstellen w\u00fcrde.<\/li>\n<\/ol>\n\n\n\n<p><\/p>\n\n\n\n<ol class=\"wp-block-list\"><\/ol>\n\n\n\n<p><\/p>\n\n\n\n<ol class=\"wp-block-list\"><\/ol>\n","protected":false},"excerpt":{"rendered":"<p>\u00a71. 1.) Die Alltagsbegleiterin Sonja R\u00fchmann wird im nachfolgenden als Auftragnehmerin benannt. 2.) Die AGB gilt f\u00fcr jegliche Art von Gesch\u00e4ftsbeziehungen 3.) Die AGB gilt ausschlie\u00dflich ohne Nebenabreden. \u00a72. 1.) Das Angebot richtet sich nach dem zur Zeit g\u00fcltigen Leistungsverzeichnis &hellip; <a href=\"https:\/\/www.ruehmann-alltagsbegleitung.de\/?page_id=57\">Weiterlesen <span class=\"meta-nav\">&rarr;<\/span><\/a><\/p>\n","protected":false},"author":1,"featured_media":0,"parent":0,"menu_order":0,"comment_status":"closed","ping_status":"closed","template":"","meta":{"footnotes":""},"class_list":["post-57","page","type-page","status-publish","hentry"],"yoast_head":"<!-- This site is optimized with the Yoast SEO plugin v24.4 - https:\/\/yoast.com\/wordpress\/plugins\/seo\/ -->\n<title>AGB - R\u00fchmann Alltagsbegleiterin<\/title>\n<meta name=\"robots\" content=\"index, follow, max-snippet:-1, max-image-preview:large, max-video-preview:-1\" \/>\n<link rel=\"canonical\" href=\"https:\/\/www.ruehmann-alltagsbegleitung.de\/?page_id=57\" \/>\n<meta property=\"og:locale\" content=\"de_DE\" \/>\n<meta property=\"og:type\" content=\"article\" \/>\n<meta property=\"og:title\" content=\"AGB - R\u00fchmann Alltagsbegleiterin\" \/>\n<meta property=\"og:description\" content=\"\u00a71. 1.) Die Alltagsbegleiterin Sonja R\u00fchmann wird im nachfolgenden als Auftragnehmerin benannt. 2.) Die AGB gilt f\u00fcr jegliche Art von Gesch\u00e4ftsbeziehungen 3.) Die AGB gilt ausschlie\u00dflich ohne Nebenabreden. \u00a72. 1.) Das Angebot richtet sich nach dem zur Zeit g\u00fcltigen Leistungsverzeichnis &hellip; Weiterlesen &rarr;\" \/>\n<meta property=\"og:url\" content=\"https:\/\/www.ruehmann-alltagsbegleitung.de\/?page_id=57\" \/>\n<meta property=\"og:site_name\" content=\"R\u00fchmann Alltagsbegleiterin\" \/>\n<meta property=\"article:modified_time\" content=\"2024-01-05T20:23:55+00:00\" \/>\n<meta name=\"twitter:card\" content=\"summary_large_image\" \/>\n<meta name=\"twitter:label1\" content=\"Gesch\u00e4tzte Lesezeit\" \/>\n\t<meta name=\"twitter:data1\" content=\"2\u00a0Minuten\" \/>\n<script type=\"application\/ld+json\" class=\"yoast-schema-graph\">{\"@context\":\"https:\/\/schema.org\",\"@graph\":[{\"@type\":\"WebPage\",\"@id\":\"https:\/\/www.ruehmann-alltagsbegleitung.de\/?page_id=57\",\"url\":\"https:\/\/www.ruehmann-alltagsbegleitung.de\/?page_id=57\",\"name\":\"AGB - R\u00fchmann Alltagsbegleiterin\",\"isPartOf\":{\"@id\":\"https:\/\/www.ruehmann-alltagsbegleitung.de\/#website\"},\"datePublished\":\"2024-01-02T17:17:49+00:00\",\"dateModified\":\"2024-01-05T20:23:55+00:00\",\"breadcrumb\":{\"@id\":\"https:\/\/www.ruehmann-alltagsbegleitung.de\/?page_id=57#breadcrumb\"},\"inLanguage\":\"de\",\"potentialAction\":[{\"@type\":\"ReadAction\",\"target\":[\"https:\/\/www.ruehmann-alltagsbegleitung.de\/?page_id=57\"]}]},{\"@type\":\"BreadcrumbList\",\"@id\":\"https:\/\/www.ruehmann-alltagsbegleitung.de\/?page_id=57#breadcrumb\",\"itemListElement\":[{\"@type\":\"ListItem\",\"position\":1,\"name\":\"Startseite\",\"item\":\"https:\/\/www.ruehmann-alltagsbegleitung.de\/\"},{\"@type\":\"ListItem\",\"position\":2,\"name\":\"AGB\"}]},{\"@type\":\"WebSite\",\"@id\":\"https:\/\/www.ruehmann-alltagsbegleitung.de\/#website\",\"url\":\"https:\/\/www.ruehmann-alltagsbegleitung.de\/\",\"name\":\"R\u00fchmann Alltagsbegleiterin\",\"description\":\"F\u00fcr ein selbstbestimmtes Leben im eigenen gewohnten Umfeld\",\"publisher\":{\"@id\":\"https:\/\/www.ruehmann-alltagsbegleitung.de\/#organization\"},\"potentialAction\":[{\"@type\":\"SearchAction\",\"target\":{\"@type\":\"EntryPoint\",\"urlTemplate\":\"https:\/\/www.ruehmann-alltagsbegleitung.de\/?s={search_term_string}\"},\"query-input\":{\"@type\":\"PropertyValueSpecification\",\"valueRequired\":true,\"valueName\":\"search_term_string\"}}],\"inLanguage\":\"de\"},{\"@type\":\"Organization\",\"@id\":\"https:\/\/www.ruehmann-alltagsbegleitung.de\/#organization\",\"name\":\"R\u00fchmann Alltagsbegleiterin\",\"url\":\"https:\/\/www.ruehmann-alltagsbegleitung.de\/\",\"logo\":{\"@type\":\"ImageObject\",\"inLanguage\":\"de\",\"@id\":\"https:\/\/www.ruehmann-alltagsbegleitung.de\/#\/schema\/logo\/image\/\",\"url\":\"https:\/\/www.ruehmann-alltagsbegleitung.de\/wp-content\/uploads\/2025\/02\/logo.jpg\",\"contentUrl\":\"https:\/\/www.ruehmann-alltagsbegleitung.de\/wp-content\/uploads\/2025\/02\/logo.jpg\",\"width\":245,\"height\":253,\"caption\":\"R\u00fchmann Alltagsbegleiterin\"},\"image\":{\"@id\":\"https:\/\/www.ruehmann-alltagsbegleitung.de\/#\/schema\/logo\/image\/\"}}]}<\/script>\n<!-- \/ Yoast SEO plugin. -->","yoast_head_json":{"title":"AGB - R\u00fchmann Alltagsbegleiterin","robots":{"index":"index","follow":"follow","max-snippet":"max-snippet:-1","max-image-preview":"max-image-preview:large","max-video-preview":"max-video-preview:-1"},"canonical":"https:\/\/www.ruehmann-alltagsbegleitung.de\/?page_id=57","og_locale":"de_DE","og_type":"article","og_title":"AGB - R\u00fchmann Alltagsbegleiterin","og_description":"\u00a71. 1.) Die Alltagsbegleiterin Sonja R\u00fchmann wird im nachfolgenden als Auftragnehmerin benannt. 2.) Die AGB gilt f\u00fcr jegliche Art von Gesch\u00e4ftsbeziehungen 3.) Die AGB gilt ausschlie\u00dflich ohne Nebenabreden. \u00a72. 1.) Das Angebot richtet sich nach dem zur Zeit g\u00fcltigen Leistungsverzeichnis &hellip; Weiterlesen &rarr;","og_url":"https:\/\/www.ruehmann-alltagsbegleitung.de\/?page_id=57","og_site_name":"R\u00fchmann Alltagsbegleiterin","article_modified_time":"2024-01-05T20:23:55+00:00","twitter_card":"summary_large_image","twitter_misc":{"Gesch\u00e4tzte Lesezeit":"2\u00a0Minuten"},"schema":{"@context":"https:\/\/schema.org","@graph":[{"@type":"WebPage","@id":"https:\/\/www.ruehmann-alltagsbegleitung.de\/?page_id=57","url":"https:\/\/www.ruehmann-alltagsbegleitung.de\/?page_id=57","name":"AGB - R\u00fchmann Alltagsbegleiterin","isPartOf":{"@id":"https:\/\/www.ruehmann-alltagsbegleitung.de\/#website"},"datePublished":"2024-01-02T17:17:49+00:00","dateModified":"2024-01-05T20:23:55+00:00","breadcrumb":{"@id":"https:\/\/www.ruehmann-alltagsbegleitung.de\/?page_id=57#breadcrumb"},"inLanguage":"de","potentialAction":[{"@type":"ReadAction","target":["https:\/\/www.ruehmann-alltagsbegleitung.de\/?page_id=57"]}]},{"@type":"BreadcrumbList","@id":"https:\/\/www.ruehmann-alltagsbegleitung.de\/?page_id=57#breadcrumb","itemListElement":[{"@type":"ListItem","position":1,"name":"Startseite","item":"https:\/\/www.ruehmann-alltagsbegleitung.de\/"},{"@type":"ListItem","position":2,"name":"AGB"}]},{"@type":"WebSite","@id":"https:\/\/www.ruehmann-alltagsbegleitung.de\/#website","url":"https:\/\/www.ruehmann-alltagsbegleitung.de\/","name":"R\u00fchmann Alltagsbegleiterin","description":"F\u00fcr ein selbstbestimmtes Leben im eigenen gewohnten Umfeld","publisher":{"@id":"https:\/\/www.ruehmann-alltagsbegleitung.de\/#organization"},"potentialAction":[{"@type":"SearchAction","target":{"@type":"EntryPoint","urlTemplate":"https:\/\/www.ruehmann-alltagsbegleitung.de\/?s={search_term_string}"},"query-input":{"@type":"PropertyValueSpecification","valueRequired":true,"valueName":"search_term_string"}}],"inLanguage":"de"},{"@type":"Organization","@id":"https:\/\/www.ruehmann-alltagsbegleitung.de\/#organization","name":"R\u00fchmann Alltagsbegleiterin","url":"https:\/\/www.ruehmann-alltagsbegleitung.de\/","logo":{"@type":"ImageObject","inLanguage":"de","@id":"https:\/\/www.ruehmann-alltagsbegleitung.de\/#\/schema\/logo\/image\/","url":"https:\/\/www.ruehmann-alltagsbegleitung.de\/wp-content\/uploads\/2025\/02\/logo.jpg","contentUrl":"https:\/\/www.ruehmann-alltagsbegleitung.de\/wp-content\/uploads\/2025\/02\/logo.jpg","width":245,"height":253,"caption":"R\u00fchmann Alltagsbegleiterin"},"image":{"@id":"https:\/\/www.ruehmann-alltagsbegleitung.de\/#\/schema\/logo\/image\/"}}]}},"_links":{"self":[{"href":"https:\/\/www.ruehmann-alltagsbegleitung.de\/index.php?rest_route=\/wp\/v2\/pages\/57","targetHints":{"allow":["GET"]}}],"collection":[{"href":"https:\/\/www.ruehmann-alltagsbegleitung.de\/index.php?rest_route=\/wp\/v2\/pages"}],"about":[{"href":"https:\/\/www.ruehmann-alltagsbegleitung.de\/index.php?rest_route=\/wp\/v2\/types\/page"}],"author":[{"embeddable":true,"href":"https:\/\/www.ruehmann-alltagsbegleitung.de\/index.php?rest_route=\/wp\/v2\/users\/1"}],"replies":[{"embeddable":true,"href":"https:\/\/www.ruehmann-alltagsbegleitung.de\/index.php?rest_route=%2Fwp%2Fv2%2Fcomments&post=57"}],"version-history":[{"count":3,"href":"https:\/\/www.ruehmann-alltagsbegleitung.de\/index.php?rest_route=\/wp\/v2\/pages\/57\/revisions"}],"predecessor-version":[{"id":165,"href":"https:\/\/www.ruehmann-alltagsbegleitung.de\/index.php?rest_route=\/wp\/v2\/pages\/57\/revisions\/165"}],"wp:attachment":[{"href":"https:\/\/www.ruehmann-alltagsbegleitung.de\/index.php?rest_route=%2Fwp%2Fv2%2Fmedia&parent=57"}],"curies":[{"name":"wp","href":"https:\/\/api.w.org\/{rel}","templated":true}]}}