{"id":38,"date":"2024-01-02T15:05:30","date_gmt":"2024-01-02T15:05:30","guid":{"rendered":"https:\/\/www.ruehmann-alltagsbegleitung.de\/?page_id=38"},"modified":"2024-01-07T08:44:17","modified_gmt":"2024-01-07T08:44:17","slug":"betreuung","status":"publish","type":"page","link":"https:\/\/www.ruehmann-alltagsbegleitung.de\/?page_id=38","title":{"rendered":"Betreuung"},"content":{"rendered":"\n<p>Stundenweise bei Ihnen zu Hause mit vielf\u00e4ltigem Angebot zur Unterst\u00fctzung des Alltags.<\/p>\n\n\n\n<figure class=\"wp-block-image size-large is-resized\"><img loading=\"lazy\" decoding=\"async\" width=\"683\" height=\"1024\" src=\"https:\/\/www.ruehmann-alltagsbegleitung.de\/wp-content\/uploads\/2024\/01\/pexels-marcus-aurelius-4063918-1-683x1024.jpg\" alt=\"\" class=\"wp-image-129\" style=\"width:213px;height:auto\" srcset=\"https:\/\/www.ruehmann-alltagsbegleitung.de\/wp-content\/uploads\/2024\/01\/pexels-marcus-aurelius-4063918-1-683x1024.jpg 683w, https:\/\/www.ruehmann-alltagsbegleitung.de\/wp-content\/uploads\/2024\/01\/pexels-marcus-aurelius-4063918-1-200x300.jpg 200w, https:\/\/www.ruehmann-alltagsbegleitung.de\/wp-content\/uploads\/2024\/01\/pexels-marcus-aurelius-4063918-1-768x1152.jpg 768w, https:\/\/www.ruehmann-alltagsbegleitung.de\/wp-content\/uploads\/2024\/01\/pexels-marcus-aurelius-4063918-1.jpg 800w\" sizes=\"auto, (max-width: 683px) 100vw, 683px\" \/><\/figure>\n\n\n\n<p>Unterst\u00fctzung bei organisatorischen Angelegenheiten (Pflegekasse, Amt, Beh\u00f6rde etc.)<\/p>\n\n\n<div class=\"wp-block-image\">\n<figure class=\"alignright size-full is-resized\"><img loading=\"lazy\" decoding=\"async\" width=\"618\" height=\"797\" src=\"https:\/\/www.ruehmann-alltagsbegleitung.de\/wp-content\/uploads\/2024\/01\/170461561113.jpg\" alt=\"\" class=\"wp-image-179\" style=\"width:215px;height:auto\" srcset=\"https:\/\/www.ruehmann-alltagsbegleitung.de\/wp-content\/uploads\/2024\/01\/170461561113.jpg 618w, https:\/\/www.ruehmann-alltagsbegleitung.de\/wp-content\/uploads\/2024\/01\/170461561113-233x300.jpg 233w\" sizes=\"auto, (max-width: 618px) 100vw, 618px\" \/><\/figure>\n<\/div>\n\n\n<figure class=\"wp-block-image size-full is-resized\"><img loading=\"lazy\" decoding=\"async\" width=\"925\" height=\"344\" src=\"https:\/\/www.ruehmann-alltagsbegleitung.de\/wp-content\/uploads\/2024\/01\/17046156119.jpg\" alt=\"\" class=\"wp-image-178\" style=\"width:305px;height:auto\" srcset=\"https:\/\/www.ruehmann-alltagsbegleitung.de\/wp-content\/uploads\/2024\/01\/17046156119.jpg 925w, https:\/\/www.ruehmann-alltagsbegleitung.de\/wp-content\/uploads\/2024\/01\/17046156119-300x112.jpg 300w, https:\/\/www.ruehmann-alltagsbegleitung.de\/wp-content\/uploads\/2024\/01\/17046156119-768x286.jpg 768w, https:\/\/www.ruehmann-alltagsbegleitung.de\/wp-content\/uploads\/2024\/01\/17046156119-500x186.jpg 500w\" sizes=\"auto, (max-width: 925px) 100vw, 925px\" \/><\/figure>\n\n\n\n<p>Intensive Zuwendung mit gesundheitsf\u00f6rdernden Ma\u00dfnahmen (Fitness, Yoga, Meditation, Atem\u00fcbungen) und F\u00f6rderung der Kreativit\u00e4t ( Basteln, Malen, etc.)<\/p>\n\n\n<div class=\"wp-block-image\">\n<figure class=\"alignleft size-full is-resized\"><img loading=\"lazy\" decoding=\"async\" width=\"614\" height=\"460\" src=\"https:\/\/www.ruehmann-alltagsbegleitung.de\/wp-content\/uploads\/2024\/01\/1704240106.jpg\" alt=\"\" class=\"wp-image-180\" style=\"width:350px;height:auto\" srcset=\"https:\/\/www.ruehmann-alltagsbegleitung.de\/wp-content\/uploads\/2024\/01\/1704240106.jpg 614w, https:\/\/www.ruehmann-alltagsbegleitung.de\/wp-content\/uploads\/2024\/01\/1704240106-300x225.jpg 300w, https:\/\/www.ruehmann-alltagsbegleitung.de\/wp-content\/uploads\/2024\/01\/1704240106-400x300.jpg 400w\" sizes=\"auto, (max-width: 614px) 100vw, 614px\" \/><\/figure>\n<\/div>\n\n<div class=\"wp-block-image\">\n<figure class=\"alignleft size-large is-resized\"><img loading=\"lazy\" decoding=\"async\" width=\"683\" height=\"1024\" src=\"https:\/\/www.ruehmann-alltagsbegleitung.de\/wp-content\/uploads\/2024\/01\/pexels-cottonbro-studio-3662630-1-683x1024.jpg\" alt=\"\" class=\"wp-image-146\" style=\"width:246px;height:auto\" srcset=\"https:\/\/www.ruehmann-alltagsbegleitung.de\/wp-content\/uploads\/2024\/01\/pexels-cottonbro-studio-3662630-1-683x1024.jpg 683w, https:\/\/www.ruehmann-alltagsbegleitung.de\/wp-content\/uploads\/2024\/01\/pexels-cottonbro-studio-3662630-1-200x300.jpg 200w, https:\/\/www.ruehmann-alltagsbegleitung.de\/wp-content\/uploads\/2024\/01\/pexels-cottonbro-studio-3662630-1.jpg 735w\" sizes=\"auto, (max-width: 683px) 100vw, 683px\" \/><\/figure>\n<\/div>\n\n\n<figure class=\"wp-block-image size-large is-resized\"><img loading=\"lazy\" decoding=\"async\" width=\"1024\" height=\"683\" src=\"https:\/\/www.ruehmann-alltagsbegleitung.de\/wp-content\/uploads\/2024\/01\/pexels-rdne-stock-project-7104207-1-1024x683.jpg\" alt=\"\" class=\"wp-image-121\" style=\"width:287px;height:auto\" srcset=\"https:\/\/www.ruehmann-alltagsbegleitung.de\/wp-content\/uploads\/2024\/01\/pexels-rdne-stock-project-7104207-1-1024x683.jpg 1024w, https:\/\/www.ruehmann-alltagsbegleitung.de\/wp-content\/uploads\/2024\/01\/pexels-rdne-stock-project-7104207-1-300x200.jpg 300w, https:\/\/www.ruehmann-alltagsbegleitung.de\/wp-content\/uploads\/2024\/01\/pexels-rdne-stock-project-7104207-1-768x512.jpg 768w, https:\/\/www.ruehmann-alltagsbegleitung.de\/wp-content\/uploads\/2024\/01\/pexels-rdne-stock-project-7104207-1-450x300.jpg 450w, https:\/\/www.ruehmann-alltagsbegleitung.de\/wp-content\/uploads\/2024\/01\/pexels-rdne-stock-project-7104207-1.jpg 1327w\" sizes=\"auto, (max-width: 1024px) 100vw, 1024px\" \/><\/figure>\n\n\n\n<p><\/p>\n\n\n\n<p>Gemeinsames Kochen, Backen , Vorlesungen, Biografiearbeiten etc.<\/p>\n\n\n<div class=\"wp-block-image\">\n<figure class=\"alignright size-full is-resized\"><img loading=\"lazy\" decoding=\"async\" width=\"656\" height=\"436\" src=\"https:\/\/www.ruehmann-alltagsbegleitung.de\/wp-content\/uploads\/2024\/01\/170461561110.jpg\" alt=\"\" class=\"wp-image-182\" style=\"width:329px;height:auto\" srcset=\"https:\/\/www.ruehmann-alltagsbegleitung.de\/wp-content\/uploads\/2024\/01\/170461561110.jpg 656w, https:\/\/www.ruehmann-alltagsbegleitung.de\/wp-content\/uploads\/2024\/01\/170461561110-300x199.jpg 300w, https:\/\/www.ruehmann-alltagsbegleitung.de\/wp-content\/uploads\/2024\/01\/170461561110-451x300.jpg 451w\" sizes=\"auto, (max-width: 656px) 100vw, 656px\" \/><\/figure>\n<\/div>\n\n\n<p><\/p>\n\n\n\n<p><\/p>\n\n\n\n<p><\/p>\n\n\n\n<p><\/p>\n\n\n\n<p><\/p>\n\n\n\n<p><\/p>\n\n\n\n<p><strong>Freizeitbegleitung<\/strong>:<\/p>\n\n\n\n<p>Gemeinsame Unternehmungen (Urlaubsbegleitung, Veranstaltungen, Shoppen)<\/p>\n\n\n<div class=\"wp-block-image\">\n<figure class=\"alignright size-full is-resized\"><img loading=\"lazy\" decoding=\"async\" width=\"922\" height=\"615\" src=\"https:\/\/www.ruehmann-alltagsbegleitung.de\/wp-content\/uploads\/2024\/01\/pexels-demian-smit-449559-1.jpg\" alt=\"\" class=\"wp-image-144\" style=\"width:261px;height:auto\" srcset=\"https:\/\/www.ruehmann-alltagsbegleitung.de\/wp-content\/uploads\/2024\/01\/pexels-demian-smit-449559-1.jpg 922w, https:\/\/www.ruehmann-alltagsbegleitung.de\/wp-content\/uploads\/2024\/01\/pexels-demian-smit-449559-1-300x200.jpg 300w, https:\/\/www.ruehmann-alltagsbegleitung.de\/wp-content\/uploads\/2024\/01\/pexels-demian-smit-449559-1-768x512.jpg 768w, https:\/\/www.ruehmann-alltagsbegleitung.de\/wp-content\/uploads\/2024\/01\/pexels-demian-smit-449559-1-450x300.jpg 450w\" sizes=\"auto, (max-width: 922px) 100vw, 922px\" \/><\/figure>\n<\/div>\n\n\n<figure class=\"wp-block-image size-large is-resized\"><img loading=\"lazy\" decoding=\"async\" width=\"1024\" height=\"683\" src=\"https:\/\/www.ruehmann-alltagsbegleitung.de\/wp-content\/uploads\/2024\/01\/pexels-gustavo-fring-3985096-1-1024x683.jpg\" alt=\"\" class=\"wp-image-137\" style=\"width:276px;height:auto\" srcset=\"https:\/\/www.ruehmann-alltagsbegleitung.de\/wp-content\/uploads\/2024\/01\/pexels-gustavo-fring-3985096-1-1024x683.jpg 1024w, https:\/\/www.ruehmann-alltagsbegleitung.de\/wp-content\/uploads\/2024\/01\/pexels-gustavo-fring-3985096-1-300x200.jpg 300w, https:\/\/www.ruehmann-alltagsbegleitung.de\/wp-content\/uploads\/2024\/01\/pexels-gustavo-fring-3985096-1-768x512.jpg 768w, https:\/\/www.ruehmann-alltagsbegleitung.de\/wp-content\/uploads\/2024\/01\/pexels-gustavo-fring-3985096-1-450x300.jpg 450w, https:\/\/www.ruehmann-alltagsbegleitung.de\/wp-content\/uploads\/2024\/01\/pexels-gustavo-fring-3985096-1.jpg 1200w\" sizes=\"auto, (max-width: 1024px) 100vw, 1024px\" \/><\/figure>\n\n\n\n<p><\/p>\n\n\n\n<p>Transferfahrten ( Arztbesuche, Krankenhaus, Behandlungen)<\/p>\n\n\n\n<p>Versorgung der Haustiere                                     Gemeinsame Spazierg\u00e4nge oder Ausfl\u00fcge<\/p>\n\n\n<div class=\"wp-block-image\">\n<figure class=\"alignright size-large is-resized\"><img loading=\"lazy\" decoding=\"async\" width=\"1024\" height=\"683\" src=\"https:\/\/www.ruehmann-alltagsbegleitung.de\/wp-content\/uploads\/2024\/01\/pexels-cottonbro-studio-6034414-1-1024x683.jpg\" alt=\"\" class=\"wp-image-145\" style=\"width:224px;height:auto\" srcset=\"https:\/\/www.ruehmann-alltagsbegleitung.de\/wp-content\/uploads\/2024\/01\/pexels-cottonbro-studio-6034414-1-1024x683.jpg 1024w, https:\/\/www.ruehmann-alltagsbegleitung.de\/wp-content\/uploads\/2024\/01\/pexels-cottonbro-studio-6034414-1-300x200.jpg 300w, https:\/\/www.ruehmann-alltagsbegleitung.de\/wp-content\/uploads\/2024\/01\/pexels-cottonbro-studio-6034414-1-768x512.jpg 768w, https:\/\/www.ruehmann-alltagsbegleitung.de\/wp-content\/uploads\/2024\/01\/pexels-cottonbro-studio-6034414-1-450x300.jpg 450w, https:\/\/www.ruehmann-alltagsbegleitung.de\/wp-content\/uploads\/2024\/01\/pexels-cottonbro-studio-6034414-1.jpg 1228w\" sizes=\"auto, (max-width: 1024px) 100vw, 1024px\" \/><\/figure>\n<\/div>\n\n\n<figure class=\"wp-block-image size-full is-resized\"><img loading=\"lazy\" decoding=\"async\" width=\"931\" height=\"630\" src=\"https:\/\/www.ruehmann-alltagsbegleitung.de\/wp-content\/uploads\/2024\/01\/pexels-lauren-whitaker-1975989-1.jpg\" alt=\"\" class=\"wp-image-133\" style=\"width:226px;height:auto\" srcset=\"https:\/\/www.ruehmann-alltagsbegleitung.de\/wp-content\/uploads\/2024\/01\/pexels-lauren-whitaker-1975989-1.jpg 931w, https:\/\/www.ruehmann-alltagsbegleitung.de\/wp-content\/uploads\/2024\/01\/pexels-lauren-whitaker-1975989-1-300x203.jpg 300w, https:\/\/www.ruehmann-alltagsbegleitung.de\/wp-content\/uploads\/2024\/01\/pexels-lauren-whitaker-1975989-1-768x520.jpg 768w, https:\/\/www.ruehmann-alltagsbegleitung.de\/wp-content\/uploads\/2024\/01\/pexels-lauren-whitaker-1975989-1-443x300.jpg 443w\" sizes=\"auto, (max-width: 931px) 100vw, 931px\" \/><\/figure>\n\n\n\n<p>F\u00fcr Fragen oder f\u00fcr eine Terminvereinbarung melden Sie sich gerne bei mir : <strong>Telefon 0176-34699600<\/strong>&nbsp; oder email: <strong>sonja@begleiterin.org<\/strong><\/p>\n","protected":false},"excerpt":{"rendered":"<p>Stundenweise bei Ihnen zu Hause mit vielf\u00e4ltigem Angebot zur Unterst\u00fctzung des Alltags. Unterst\u00fctzung bei organisatorischen Angelegenheiten (Pflegekasse, Amt, Beh\u00f6rde etc.) Intensive Zuwendung mit gesundheitsf\u00f6rdernden Ma\u00dfnahmen (Fitness, Yoga, Meditation, Atem\u00fcbungen) und F\u00f6rderung der Kreativit\u00e4t ( Basteln, Malen, etc.) Gemeinsames Kochen, Backen &hellip; <a href=\"https:\/\/www.ruehmann-alltagsbegleitung.de\/?page_id=38\">Weiterlesen <span class=\"meta-nav\">&rarr;<\/span><\/a><\/p>\n","protected":false},"author":1,"featured_media":0,"parent":0,"menu_order":0,"comment_status":"closed","ping_status":"closed","template":"","meta":{"footnotes":""},"class_list":["post-38","page","type-page","status-publish","hentry"],"yoast_head":"<!-- This site is optimized with the Yoast SEO plugin v24.4 - https:\/\/yoast.com\/wordpress\/plugins\/seo\/ -->\n<title>Betreuung - R\u00fchmann Alltagsbegleiterin<\/title>\n<meta name=\"robots\" content=\"index, follow, max-snippet:-1, max-image-preview:large, max-video-preview:-1\" \/>\n<link rel=\"canonical\" href=\"https:\/\/www.ruehmann-alltagsbegleitung.de\/?page_id=38\" \/>\n<meta property=\"og:locale\" content=\"de_DE\" \/>\n<meta property=\"og:type\" content=\"article\" \/>\n<meta property=\"og:title\" content=\"Betreuung - R\u00fchmann Alltagsbegleiterin\" \/>\n<meta property=\"og:description\" content=\"Stundenweise bei Ihnen zu Hause mit vielf\u00e4ltigem Angebot zur Unterst\u00fctzung des Alltags. Unterst\u00fctzung bei organisatorischen Angelegenheiten (Pflegekasse, Amt, Beh\u00f6rde etc.) Intensive Zuwendung mit gesundheitsf\u00f6rdernden Ma\u00dfnahmen (Fitness, Yoga, Meditation, Atem\u00fcbungen) und F\u00f6rderung der Kreativit\u00e4t ( Basteln, Malen, etc.) Gemeinsames Kochen, Backen &hellip; Weiterlesen &rarr;\" \/>\n<meta property=\"og:url\" content=\"https:\/\/www.ruehmann-alltagsbegleitung.de\/?page_id=38\" \/>\n<meta property=\"og:site_name\" content=\"R\u00fchmann Alltagsbegleiterin\" \/>\n<meta property=\"article:modified_time\" content=\"2024-01-07T08:44:17+00:00\" \/>\n<meta property=\"og:image\" content=\"https:\/\/www.ruehmann-alltagsbegleitung.de\/wp-content\/uploads\/2024\/01\/pexels-marcus-aurelius-4063918-1.jpg\" \/>\n\t<meta property=\"og:image:width\" content=\"800\" \/>\n\t<meta property=\"og:image:height\" content=\"1200\" \/>\n\t<meta property=\"og:image:type\" content=\"image\/jpeg\" \/>\n<meta name=\"twitter:card\" content=\"summary_large_image\" \/>\n<script type=\"application\/ld+json\" class=\"yoast-schema-graph\">{\"@context\":\"https:\/\/schema.org\",\"@graph\":[{\"@type\":\"WebPage\",\"@id\":\"https:\/\/www.ruehmann-alltagsbegleitung.de\/?page_id=38\",\"url\":\"https:\/\/www.ruehmann-alltagsbegleitung.de\/?page_id=38\",\"name\":\"Betreuung - R\u00fchmann Alltagsbegleiterin\",\"isPartOf\":{\"@id\":\"https:\/\/www.ruehmann-alltagsbegleitung.de\/#website\"},\"primaryImageOfPage\":{\"@id\":\"https:\/\/www.ruehmann-alltagsbegleitung.de\/?page_id=38#primaryimage\"},\"image\":{\"@id\":\"https:\/\/www.ruehmann-alltagsbegleitung.de\/?page_id=38#primaryimage\"},\"thumbnailUrl\":\"https:\/\/www.ruehmann-alltagsbegleitung.de\/wp-content\/uploads\/2024\/01\/pexels-marcus-aurelius-4063918-1-683x1024.jpg\",\"datePublished\":\"2024-01-02T15:05:30+00:00\",\"dateModified\":\"2024-01-07T08:44:17+00:00\",\"breadcrumb\":{\"@id\":\"https:\/\/www.ruehmann-alltagsbegleitung.de\/?page_id=38#breadcrumb\"},\"inLanguage\":\"de\",\"potentialAction\":[{\"@type\":\"ReadAction\",\"target\":[\"https:\/\/www.ruehmann-alltagsbegleitung.de\/?page_id=38\"]}]},{\"@type\":\"ImageObject\",\"inLanguage\":\"de\",\"@id\":\"https:\/\/www.ruehmann-alltagsbegleitung.de\/?page_id=38#primaryimage\",\"url\":\"https:\/\/www.ruehmann-alltagsbegleitung.de\/wp-content\/uploads\/2024\/01\/pexels-marcus-aurelius-4063918-1.jpg\",\"contentUrl\":\"https:\/\/www.ruehmann-alltagsbegleitung.de\/wp-content\/uploads\/2024\/01\/pexels-marcus-aurelius-4063918-1.jpg\",\"width\":800,\"height\":1200},{\"@type\":\"BreadcrumbList\",\"@id\":\"https:\/\/www.ruehmann-alltagsbegleitung.de\/?page_id=38#breadcrumb\",\"itemListElement\":[{\"@type\":\"ListItem\",\"position\":1,\"name\":\"Startseite\",\"item\":\"https:\/\/www.ruehmann-alltagsbegleitung.de\/\"},{\"@type\":\"ListItem\",\"position\":2,\"name\":\"Betreuung\"}]},{\"@type\":\"WebSite\",\"@id\":\"https:\/\/www.ruehmann-alltagsbegleitung.de\/#website\",\"url\":\"https:\/\/www.ruehmann-alltagsbegleitung.de\/\",\"name\":\"R\u00fchmann Alltagsbegleiterin\",\"description\":\"F\u00fcr ein selbstbestimmtes Leben im eigenen gewohnten Umfeld\",\"publisher\":{\"@id\":\"https:\/\/www.ruehmann-alltagsbegleitung.de\/#organization\"},\"potentialAction\":[{\"@type\":\"SearchAction\",\"target\":{\"@type\":\"EntryPoint\",\"urlTemplate\":\"https:\/\/www.ruehmann-alltagsbegleitung.de\/?s={search_term_string}\"},\"query-input\":{\"@type\":\"PropertyValueSpecification\",\"valueRequired\":true,\"valueName\":\"search_term_string\"}}],\"inLanguage\":\"de\"},{\"@type\":\"Organization\",\"@id\":\"https:\/\/www.ruehmann-alltagsbegleitung.de\/#organization\",\"name\":\"R\u00fchmann Alltagsbegleiterin\",\"url\":\"https:\/\/www.ruehmann-alltagsbegleitung.de\/\",\"logo\":{\"@type\":\"ImageObject\",\"inLanguage\":\"de\",\"@id\":\"https:\/\/www.ruehmann-alltagsbegleitung.de\/#\/schema\/logo\/image\/\",\"url\":\"https:\/\/www.ruehmann-alltagsbegleitung.de\/wp-content\/uploads\/2025\/02\/logo.jpg\",\"contentUrl\":\"https:\/\/www.ruehmann-alltagsbegleitung.de\/wp-content\/uploads\/2025\/02\/logo.jpg\",\"width\":245,\"height\":253,\"caption\":\"R\u00fchmann Alltagsbegleiterin\"},\"image\":{\"@id\":\"https:\/\/www.ruehmann-alltagsbegleitung.de\/#\/schema\/logo\/image\/\"}}]}<\/script>\n<!-- \/ Yoast SEO plugin. -->","yoast_head_json":{"title":"Betreuung - R\u00fchmann Alltagsbegleiterin","robots":{"index":"index","follow":"follow","max-snippet":"max-snippet:-1","max-image-preview":"max-image-preview:large","max-video-preview":"max-video-preview:-1"},"canonical":"https:\/\/www.ruehmann-alltagsbegleitung.de\/?page_id=38","og_locale":"de_DE","og_type":"article","og_title":"Betreuung - R\u00fchmann Alltagsbegleiterin","og_description":"Stundenweise bei Ihnen zu Hause mit vielf\u00e4ltigem Angebot zur Unterst\u00fctzung des Alltags. Unterst\u00fctzung bei organisatorischen Angelegenheiten (Pflegekasse, Amt, Beh\u00f6rde etc.) Intensive Zuwendung mit gesundheitsf\u00f6rdernden Ma\u00dfnahmen (Fitness, Yoga, Meditation, Atem\u00fcbungen) und F\u00f6rderung der Kreativit\u00e4t ( Basteln, Malen, etc.) Gemeinsames Kochen, Backen &hellip; Weiterlesen &rarr;","og_url":"https:\/\/www.ruehmann-alltagsbegleitung.de\/?page_id=38","og_site_name":"R\u00fchmann Alltagsbegleiterin","article_modified_time":"2024-01-07T08:44:17+00:00","og_image":[{"width":800,"height":1200,"url":"https:\/\/www.ruehmann-alltagsbegleitung.de\/wp-content\/uploads\/2024\/01\/pexels-marcus-aurelius-4063918-1.jpg","type":"image\/jpeg"}],"twitter_card":"summary_large_image","schema":{"@context":"https:\/\/schema.org","@graph":[{"@type":"WebPage","@id":"https:\/\/www.ruehmann-alltagsbegleitung.de\/?page_id=38","url":"https:\/\/www.ruehmann-alltagsbegleitung.de\/?page_id=38","name":"Betreuung - R\u00fchmann Alltagsbegleiterin","isPartOf":{"@id":"https:\/\/www.ruehmann-alltagsbegleitung.de\/#website"},"primaryImageOfPage":{"@id":"https:\/\/www.ruehmann-alltagsbegleitung.de\/?page_id=38#primaryimage"},"image":{"@id":"https:\/\/www.ruehmann-alltagsbegleitung.de\/?page_id=38#primaryimage"},"thumbnailUrl":"https:\/\/www.ruehmann-alltagsbegleitung.de\/wp-content\/uploads\/2024\/01\/pexels-marcus-aurelius-4063918-1-683x1024.jpg","datePublished":"2024-01-02T15:05:30+00:00","dateModified":"2024-01-07T08:44:17+00:00","breadcrumb":{"@id":"https:\/\/www.ruehmann-alltagsbegleitung.de\/?page_id=38#breadcrumb"},"inLanguage":"de","potentialAction":[{"@type":"ReadAction","target":["https:\/\/www.ruehmann-alltagsbegleitung.de\/?page_id=38"]}]},{"@type":"ImageObject","inLanguage":"de","@id":"https:\/\/www.ruehmann-alltagsbegleitung.de\/?page_id=38#primaryimage","url":"https:\/\/www.ruehmann-alltagsbegleitung.de\/wp-content\/uploads\/2024\/01\/pexels-marcus-aurelius-4063918-1.jpg","contentUrl":"https:\/\/www.ruehmann-alltagsbegleitung.de\/wp-content\/uploads\/2024\/01\/pexels-marcus-aurelius-4063918-1.jpg","width":800,"height":1200},{"@type":"BreadcrumbList","@id":"https:\/\/www.ruehmann-alltagsbegleitung.de\/?page_id=38#breadcrumb","itemListElement":[{"@type":"ListItem","position":1,"name":"Startseite","item":"https:\/\/www.ruehmann-alltagsbegleitung.de\/"},{"@type":"ListItem","position":2,"name":"Betreuung"}]},{"@type":"WebSite","@id":"https:\/\/www.ruehmann-alltagsbegleitung.de\/#website","url":"https:\/\/www.ruehmann-alltagsbegleitung.de\/","name":"R\u00fchmann Alltagsbegleiterin","description":"F\u00fcr ein selbstbestimmtes Leben im eigenen gewohnten Umfeld","publisher":{"@id":"https:\/\/www.ruehmann-alltagsbegleitung.de\/#organization"},"potentialAction":[{"@type":"SearchAction","target":{"@type":"EntryPoint","urlTemplate":"https:\/\/www.ruehmann-alltagsbegleitung.de\/?s={search_term_string}"},"query-input":{"@type":"PropertyValueSpecification","valueRequired":true,"valueName":"search_term_string"}}],"inLanguage":"de"},{"@type":"Organization","@id":"https:\/\/www.ruehmann-alltagsbegleitung.de\/#organization","name":"R\u00fchmann Alltagsbegleiterin","url":"https:\/\/www.ruehmann-alltagsbegleitung.de\/","logo":{"@type":"ImageObject","inLanguage":"de","@id":"https:\/\/www.ruehmann-alltagsbegleitung.de\/#\/schema\/logo\/image\/","url":"https:\/\/www.ruehmann-alltagsbegleitung.de\/wp-content\/uploads\/2025\/02\/logo.jpg","contentUrl":"https:\/\/www.ruehmann-alltagsbegleitung.de\/wp-content\/uploads\/2025\/02\/logo.jpg","width":245,"height":253,"caption":"R\u00fchmann Alltagsbegleiterin"},"image":{"@id":"https:\/\/www.ruehmann-alltagsbegleitung.de\/#\/schema\/logo\/image\/"}}]}},"_links":{"self":[{"href":"https:\/\/www.ruehmann-alltagsbegleitung.de\/index.php?rest_route=\/wp\/v2\/pages\/38","targetHints":{"allow":["GET"]}}],"collection":[{"href":"https:\/\/www.ruehmann-alltagsbegleitung.de\/index.php?rest_route=\/wp\/v2\/pages"}],"about":[{"href":"https:\/\/www.ruehmann-alltagsbegleitung.de\/index.php?rest_route=\/wp\/v2\/types\/page"}],"author":[{"embeddable":true,"href":"https:\/\/www.ruehmann-alltagsbegleitung.de\/index.php?rest_route=\/wp\/v2\/users\/1"}],"replies":[{"embeddable":true,"href":"https:\/\/www.ruehmann-alltagsbegleitung.de\/index.php?rest_route=%2Fwp%2Fv2%2Fcomments&post=38"}],"version-history":[{"count":8,"href":"https:\/\/www.ruehmann-alltagsbegleitung.de\/index.php?rest_route=\/wp\/v2\/pages\/38\/revisions"}],"predecessor-version":[{"id":183,"href":"https:\/\/www.ruehmann-alltagsbegleitung.de\/index.php?rest_route=\/wp\/v2\/pages\/38\/revisions\/183"}],"wp:attachment":[{"href":"https:\/\/www.ruehmann-alltagsbegleitung.de\/index.php?rest_route=%2Fwp%2Fv2%2Fmedia&parent=38"}],"curies":[{"name":"wp","href":"https:\/\/api.w.org\/{rel}","templated":true}]}}