{"id":31,"date":"2024-01-02T14:48:11","date_gmt":"2024-01-02T14:48:11","guid":{"rendered":"https:\/\/www.ruehmann-alltagsbegleitung.de\/?page_id=31"},"modified":"2024-07-22T19:46:02","modified_gmt":"2024-07-22T19:46:02","slug":"mein-angebot","status":"publish","type":"page","link":"https:\/\/www.ruehmann-alltagsbegleitung.de\/?page_id=31","title":{"rendered":"Mein Angebot"},"content":{"rendered":"\n<p>Ein erster Kennlerntermin bei Ihnen zu Hause !! <\/p>\n\n\n\n<p>Gemeinsam fokussieren wir ihr Anliegen, um nach m\u00f6glichen L\u00f6sungen zu schauen.<\/p>\n\n\n\n<p>Kurzzeitberatung zur L\u00f6sungsfindung in schwierigen Lebenssituationen, bei denen man nicht mehr weiter wei\u00df oder auf der Stelle tritt.<\/p>\n\n\n\n<p>Pflegeberatungsbesuche f\u00fcr die Krankenkasse nach \u00a737Abs.3 SGB XI<\/p>\n\n\n\n<figure class=\"wp-block-image size-large is-resized\"><img loading=\"lazy\" decoding=\"async\" width=\"1024\" height=\"683\" src=\"https:\/\/www.ruehmann-alltagsbegleitung.de\/wp-content\/uploads\/2024\/01\/pexels-mart-production-7699381-1-1024x683.jpg\" alt=\"\" class=\"wp-image-128\" style=\"width:301px;height:auto\" srcset=\"https:\/\/www.ruehmann-alltagsbegleitung.de\/wp-content\/uploads\/2024\/01\/pexels-mart-production-7699381-1-1024x683.jpg 1024w, https:\/\/www.ruehmann-alltagsbegleitung.de\/wp-content\/uploads\/2024\/01\/pexels-mart-production-7699381-1-300x200.jpg 300w, https:\/\/www.ruehmann-alltagsbegleitung.de\/wp-content\/uploads\/2024\/01\/pexels-mart-production-7699381-1-768x512.jpg 768w, https:\/\/www.ruehmann-alltagsbegleitung.de\/wp-content\/uploads\/2024\/01\/pexels-mart-production-7699381-1-450x300.jpg 450w, https:\/\/www.ruehmann-alltagsbegleitung.de\/wp-content\/uploads\/2024\/01\/pexels-mart-production-7699381-1.jpg 1192w\" sizes=\"auto, (max-width: 1024px) 100vw, 1024px\" \/><\/figure>\n\n\n\n<p>Sie oder Ihre pflegenden Familienmitglieder haben jederzeit eine M\u00f6glichkeit auch emotional entlastende Gespr\u00e4che mit mir zu f\u00fchren.<\/p>\n\n\n\n<figure class=\"wp-block-image size-large is-resized\"><img loading=\"lazy\" decoding=\"async\" width=\"683\" height=\"1024\" src=\"https:\/\/www.ruehmann-alltagsbegleitung.de\/wp-content\/uploads\/2024\/01\/pexels-meruyert-gonullu-6888687-1-683x1024.jpg\" alt=\"\" class=\"wp-image-127\" style=\"width:204px;height:auto\" srcset=\"https:\/\/www.ruehmann-alltagsbegleitung.de\/wp-content\/uploads\/2024\/01\/pexels-meruyert-gonullu-6888687-1-683x1024.jpg 683w, https:\/\/www.ruehmann-alltagsbegleitung.de\/wp-content\/uploads\/2024\/01\/pexels-meruyert-gonullu-6888687-1-200x300.jpg 200w, https:\/\/www.ruehmann-alltagsbegleitung.de\/wp-content\/uploads\/2024\/01\/pexels-meruyert-gonullu-6888687-1.jpg 720w\" sizes=\"auto, (max-width: 683px) 100vw, 683px\" \/><\/figure>\n\n\n\n<p>Schaffung von freien Zeiten f\u00fcr pflegende Familienmitglieder zum aufatmen und f\u00fcr eigene pers\u00f6nliche Bed\u00fcrfnisse.<\/p>\n\n\n\n<p><strong>Individuelle gemeinsame Zeit und Besuche nach Ihrem Wunsch !!<\/strong><\/p>\n\n\n\n<p>F\u00fcr Fragen oder f\u00fcr eine Terminvereinbarung melden Sie sich gerne bei mir : <strong>Telefon 0176-34699600<\/strong>&nbsp; oder email: <strong>sonja@begleiterin.org<\/strong><\/p>\n","protected":false},"excerpt":{"rendered":"<p>Ein erster Kennlerntermin bei Ihnen zu Hause !! Gemeinsam fokussieren wir ihr Anliegen, um nach m\u00f6glichen L\u00f6sungen zu schauen. Kurzzeitberatung zur L\u00f6sungsfindung in schwierigen Lebenssituationen, bei denen man nicht mehr weiter wei\u00df oder auf der Stelle tritt. Pflegeberatungsbesuche f\u00fcr die &hellip; <a href=\"https:\/\/www.ruehmann-alltagsbegleitung.de\/?page_id=31\">Weiterlesen <span class=\"meta-nav\">&rarr;<\/span><\/a><\/p>\n","protected":false},"author":1,"featured_media":0,"parent":0,"menu_order":0,"comment_status":"closed","ping_status":"closed","template":"","meta":{"footnotes":""},"class_list":["post-31","page","type-page","status-publish","hentry"],"yoast_head":"<!-- This site is optimized with the Yoast SEO plugin v24.4 - https:\/\/yoast.com\/wordpress\/plugins\/seo\/ -->\n<title>Mein Angebot - R\u00fchmann Alltagsbegleiterin<\/title>\n<meta name=\"robots\" content=\"index, follow, max-snippet:-1, max-image-preview:large, max-video-preview:-1\" \/>\n<link rel=\"canonical\" href=\"https:\/\/www.ruehmann-alltagsbegleitung.de\/?page_id=31\" \/>\n<meta property=\"og:locale\" content=\"de_DE\" \/>\n<meta property=\"og:type\" content=\"article\" \/>\n<meta property=\"og:title\" content=\"Mein Angebot - R\u00fchmann Alltagsbegleiterin\" \/>\n<meta property=\"og:description\" content=\"Ein erster Kennlerntermin bei Ihnen zu Hause !! Gemeinsam fokussieren wir ihr Anliegen, um nach m\u00f6glichen L\u00f6sungen zu schauen. Kurzzeitberatung zur L\u00f6sungsfindung in schwierigen Lebenssituationen, bei denen man nicht mehr weiter wei\u00df oder auf der Stelle tritt. Pflegeberatungsbesuche f\u00fcr die &hellip; Weiterlesen &rarr;\" \/>\n<meta property=\"og:url\" content=\"https:\/\/www.ruehmann-alltagsbegleitung.de\/?page_id=31\" \/>\n<meta property=\"og:site_name\" content=\"R\u00fchmann Alltagsbegleiterin\" \/>\n<meta property=\"article:modified_time\" content=\"2024-07-22T19:46:02+00:00\" \/>\n<meta property=\"og:image\" content=\"https:\/\/www.ruehmann-alltagsbegleitung.de\/wp-content\/uploads\/2024\/01\/pexels-mart-production-7699381-1.jpg\" \/>\n\t<meta property=\"og:image:width\" content=\"1192\" \/>\n\t<meta property=\"og:image:height\" content=\"795\" \/>\n\t<meta property=\"og:image:type\" content=\"image\/jpeg\" \/>\n<meta name=\"twitter:card\" content=\"summary_large_image\" \/>\n<meta name=\"twitter:label1\" content=\"Gesch\u00e4tzte Lesezeit\" \/>\n\t<meta name=\"twitter:data1\" content=\"1\u00a0Minute\" \/>\n<script type=\"application\/ld+json\" class=\"yoast-schema-graph\">{\"@context\":\"https:\/\/schema.org\",\"@graph\":[{\"@type\":\"WebPage\",\"@id\":\"https:\/\/www.ruehmann-alltagsbegleitung.de\/?page_id=31\",\"url\":\"https:\/\/www.ruehmann-alltagsbegleitung.de\/?page_id=31\",\"name\":\"Mein Angebot - R\u00fchmann Alltagsbegleiterin\",\"isPartOf\":{\"@id\":\"https:\/\/www.ruehmann-alltagsbegleitung.de\/#website\"},\"primaryImageOfPage\":{\"@id\":\"https:\/\/www.ruehmann-alltagsbegleitung.de\/?page_id=31#primaryimage\"},\"image\":{\"@id\":\"https:\/\/www.ruehmann-alltagsbegleitung.de\/?page_id=31#primaryimage\"},\"thumbnailUrl\":\"https:\/\/www.ruehmann-alltagsbegleitung.de\/wp-content\/uploads\/2024\/01\/pexels-mart-production-7699381-1-1024x683.jpg\",\"datePublished\":\"2024-01-02T14:48:11+00:00\",\"dateModified\":\"2024-07-22T19:46:02+00:00\",\"breadcrumb\":{\"@id\":\"https:\/\/www.ruehmann-alltagsbegleitung.de\/?page_id=31#breadcrumb\"},\"inLanguage\":\"de\",\"potentialAction\":[{\"@type\":\"ReadAction\",\"target\":[\"https:\/\/www.ruehmann-alltagsbegleitung.de\/?page_id=31\"]}]},{\"@type\":\"ImageObject\",\"inLanguage\":\"de\",\"@id\":\"https:\/\/www.ruehmann-alltagsbegleitung.de\/?page_id=31#primaryimage\",\"url\":\"https:\/\/www.ruehmann-alltagsbegleitung.de\/wp-content\/uploads\/2024\/01\/pexels-mart-production-7699381-1.jpg\",\"contentUrl\":\"https:\/\/www.ruehmann-alltagsbegleitung.de\/wp-content\/uploads\/2024\/01\/pexels-mart-production-7699381-1.jpg\",\"width\":1192,\"height\":795},{\"@type\":\"BreadcrumbList\",\"@id\":\"https:\/\/www.ruehmann-alltagsbegleitung.de\/?page_id=31#breadcrumb\",\"itemListElement\":[{\"@type\":\"ListItem\",\"position\":1,\"name\":\"Startseite\",\"item\":\"https:\/\/www.ruehmann-alltagsbegleitung.de\/\"},{\"@type\":\"ListItem\",\"position\":2,\"name\":\"Mein Angebot\"}]},{\"@type\":\"WebSite\",\"@id\":\"https:\/\/www.ruehmann-alltagsbegleitung.de\/#website\",\"url\":\"https:\/\/www.ruehmann-alltagsbegleitung.de\/\",\"name\":\"R\u00fchmann Alltagsbegleiterin\",\"description\":\"F\u00fcr ein selbstbestimmtes Leben im eigenen gewohnten Umfeld\",\"publisher\":{\"@id\":\"https:\/\/www.ruehmann-alltagsbegleitung.de\/#organization\"},\"potentialAction\":[{\"@type\":\"SearchAction\",\"target\":{\"@type\":\"EntryPoint\",\"urlTemplate\":\"https:\/\/www.ruehmann-alltagsbegleitung.de\/?s={search_term_string}\"},\"query-input\":{\"@type\":\"PropertyValueSpecification\",\"valueRequired\":true,\"valueName\":\"search_term_string\"}}],\"inLanguage\":\"de\"},{\"@type\":\"Organization\",\"@id\":\"https:\/\/www.ruehmann-alltagsbegleitung.de\/#organization\",\"name\":\"R\u00fchmann Alltagsbegleiterin\",\"url\":\"https:\/\/www.ruehmann-alltagsbegleitung.de\/\",\"logo\":{\"@type\":\"ImageObject\",\"inLanguage\":\"de\",\"@id\":\"https:\/\/www.ruehmann-alltagsbegleitung.de\/#\/schema\/logo\/image\/\",\"url\":\"https:\/\/www.ruehmann-alltagsbegleitung.de\/wp-content\/uploads\/2025\/02\/logo.jpg\",\"contentUrl\":\"https:\/\/www.ruehmann-alltagsbegleitung.de\/wp-content\/uploads\/2025\/02\/logo.jpg\",\"width\":245,\"height\":253,\"caption\":\"R\u00fchmann Alltagsbegleiterin\"},\"image\":{\"@id\":\"https:\/\/www.ruehmann-alltagsbegleitung.de\/#\/schema\/logo\/image\/\"}}]}<\/script>\n<!-- \/ Yoast SEO plugin. -->","yoast_head_json":{"title":"Mein Angebot - R\u00fchmann Alltagsbegleiterin","robots":{"index":"index","follow":"follow","max-snippet":"max-snippet:-1","max-image-preview":"max-image-preview:large","max-video-preview":"max-video-preview:-1"},"canonical":"https:\/\/www.ruehmann-alltagsbegleitung.de\/?page_id=31","og_locale":"de_DE","og_type":"article","og_title":"Mein Angebot - R\u00fchmann Alltagsbegleiterin","og_description":"Ein erster Kennlerntermin bei Ihnen zu Hause !! Gemeinsam fokussieren wir ihr Anliegen, um nach m\u00f6glichen L\u00f6sungen zu schauen. Kurzzeitberatung zur L\u00f6sungsfindung in schwierigen Lebenssituationen, bei denen man nicht mehr weiter wei\u00df oder auf der Stelle tritt. Pflegeberatungsbesuche f\u00fcr die &hellip; Weiterlesen &rarr;","og_url":"https:\/\/www.ruehmann-alltagsbegleitung.de\/?page_id=31","og_site_name":"R\u00fchmann Alltagsbegleiterin","article_modified_time":"2024-07-22T19:46:02+00:00","og_image":[{"width":1192,"height":795,"url":"https:\/\/www.ruehmann-alltagsbegleitung.de\/wp-content\/uploads\/2024\/01\/pexels-mart-production-7699381-1.jpg","type":"image\/jpeg"}],"twitter_card":"summary_large_image","twitter_misc":{"Gesch\u00e4tzte Lesezeit":"1\u00a0Minute"},"schema":{"@context":"https:\/\/schema.org","@graph":[{"@type":"WebPage","@id":"https:\/\/www.ruehmann-alltagsbegleitung.de\/?page_id=31","url":"https:\/\/www.ruehmann-alltagsbegleitung.de\/?page_id=31","name":"Mein Angebot - R\u00fchmann Alltagsbegleiterin","isPartOf":{"@id":"https:\/\/www.ruehmann-alltagsbegleitung.de\/#website"},"primaryImageOfPage":{"@id":"https:\/\/www.ruehmann-alltagsbegleitung.de\/?page_id=31#primaryimage"},"image":{"@id":"https:\/\/www.ruehmann-alltagsbegleitung.de\/?page_id=31#primaryimage"},"thumbnailUrl":"https:\/\/www.ruehmann-alltagsbegleitung.de\/wp-content\/uploads\/2024\/01\/pexels-mart-production-7699381-1-1024x683.jpg","datePublished":"2024-01-02T14:48:11+00:00","dateModified":"2024-07-22T19:46:02+00:00","breadcrumb":{"@id":"https:\/\/www.ruehmann-alltagsbegleitung.de\/?page_id=31#breadcrumb"},"inLanguage":"de","potentialAction":[{"@type":"ReadAction","target":["https:\/\/www.ruehmann-alltagsbegleitung.de\/?page_id=31"]}]},{"@type":"ImageObject","inLanguage":"de","@id":"https:\/\/www.ruehmann-alltagsbegleitung.de\/?page_id=31#primaryimage","url":"https:\/\/www.ruehmann-alltagsbegleitung.de\/wp-content\/uploads\/2024\/01\/pexels-mart-production-7699381-1.jpg","contentUrl":"https:\/\/www.ruehmann-alltagsbegleitung.de\/wp-content\/uploads\/2024\/01\/pexels-mart-production-7699381-1.jpg","width":1192,"height":795},{"@type":"BreadcrumbList","@id":"https:\/\/www.ruehmann-alltagsbegleitung.de\/?page_id=31#breadcrumb","itemListElement":[{"@type":"ListItem","position":1,"name":"Startseite","item":"https:\/\/www.ruehmann-alltagsbegleitung.de\/"},{"@type":"ListItem","position":2,"name":"Mein Angebot"}]},{"@type":"WebSite","@id":"https:\/\/www.ruehmann-alltagsbegleitung.de\/#website","url":"https:\/\/www.ruehmann-alltagsbegleitung.de\/","name":"R\u00fchmann Alltagsbegleiterin","description":"F\u00fcr ein selbstbestimmtes Leben im eigenen gewohnten Umfeld","publisher":{"@id":"https:\/\/www.ruehmann-alltagsbegleitung.de\/#organization"},"potentialAction":[{"@type":"SearchAction","target":{"@type":"EntryPoint","urlTemplate":"https:\/\/www.ruehmann-alltagsbegleitung.de\/?s={search_term_string}"},"query-input":{"@type":"PropertyValueSpecification","valueRequired":true,"valueName":"search_term_string"}}],"inLanguage":"de"},{"@type":"Organization","@id":"https:\/\/www.ruehmann-alltagsbegleitung.de\/#organization","name":"R\u00fchmann Alltagsbegleiterin","url":"https:\/\/www.ruehmann-alltagsbegleitung.de\/","logo":{"@type":"ImageObject","inLanguage":"de","@id":"https:\/\/www.ruehmann-alltagsbegleitung.de\/#\/schema\/logo\/image\/","url":"https:\/\/www.ruehmann-alltagsbegleitung.de\/wp-content\/uploads\/2025\/02\/logo.jpg","contentUrl":"https:\/\/www.ruehmann-alltagsbegleitung.de\/wp-content\/uploads\/2025\/02\/logo.jpg","width":245,"height":253,"caption":"R\u00fchmann Alltagsbegleiterin"},"image":{"@id":"https:\/\/www.ruehmann-alltagsbegleitung.de\/#\/schema\/logo\/image\/"}}]}},"_links":{"self":[{"href":"https:\/\/www.ruehmann-alltagsbegleitung.de\/index.php?rest_route=\/wp\/v2\/pages\/31","targetHints":{"allow":["GET"]}}],"collection":[{"href":"https:\/\/www.ruehmann-alltagsbegleitung.de\/index.php?rest_route=\/wp\/v2\/pages"}],"about":[{"href":"https:\/\/www.ruehmann-alltagsbegleitung.de\/index.php?rest_route=\/wp\/v2\/types\/page"}],"author":[{"embeddable":true,"href":"https:\/\/www.ruehmann-alltagsbegleitung.de\/index.php?rest_route=\/wp\/v2\/users\/1"}],"replies":[{"embeddable":true,"href":"https:\/\/www.ruehmann-alltagsbegleitung.de\/index.php?rest_route=%2Fwp%2Fv2%2Fcomments&post=31"}],"version-history":[{"count":7,"href":"https:\/\/www.ruehmann-alltagsbegleitung.de\/index.php?rest_route=\/wp\/v2\/pages\/31\/revisions"}],"predecessor-version":[{"id":196,"href":"https:\/\/www.ruehmann-alltagsbegleitung.de\/index.php?rest_route=\/wp\/v2\/pages\/31\/revisions\/196"}],"wp:attachment":[{"href":"https:\/\/www.ruehmann-alltagsbegleitung.de\/index.php?rest_route=%2Fwp%2Fv2%2Fmedia&parent=31"}],"curies":[{"name":"wp","href":"https:\/\/api.w.org\/{rel}","templated":true}]}}