{"id":25,"date":"2024-01-02T14:31:41","date_gmt":"2024-01-02T14:31:41","guid":{"rendered":"https:\/\/www.ruehmann-alltagsbegleitung.de\/?page_id=25"},"modified":"2025-02-08T18:25:34","modified_gmt":"2025-02-08T18:25:34","slug":"ueber-mich","status":"publish","type":"page","link":"https:\/\/www.ruehmann-alltagsbegleitung.de\/?page_id=25","title":{"rendered":"\u00dcber mich"},"content":{"rendered":"\n<p>Mein Name ist Sonja R\u00fchmann.<\/p>\n\n\n\n<p>Ich lebe im s\u00fcdlichen Dithmarschen und habe in den letzten 30 Jahren beruflich ausschlie\u00dflich mit Menschen unterschiedlichsten Beeintr\u00e4chtigungen gearbeitet.<\/p>\n\n\n\n<p>Meine F\u00e4higkeit zu umfassender Betreuung, Begleitung und Beratung habe ich durch stetige Weiterbildungen und Zertifizierungen (verantwortliche Pflegefachkraft PDL ,staatlich anerkannte Altenpflegerin,Fachkraft f\u00fcr Intensivpflege,Fachkraft Palliativ Care) gefestigt.<\/p>\n\n\n\n<p>Selbstbestimmt und gemeinsam erhalte, st\u00e4rke und verbessere ich Ihre Selbstst\u00e4ndigkeit im gewohnten Umfeld, so da\u00df Sie m\u00f6glichst lange dort verbleiben k\u00f6nnen.<\/p>\n\n\n<div class=\"wp-block-image\">\n<figure class=\"aligncenter size-large is-resized\"><img loading=\"lazy\" decoding=\"async\" width=\"1024\" height=\"682\" src=\"https:\/\/www.ruehmann-alltagsbegleitung.de\/wp-content\/uploads\/2024\/01\/WEB_Sonjabilder-10-1024x682.jpg\" alt=\"\" class=\"wp-image-19\" style=\"width:330px;height:auto\" srcset=\"https:\/\/www.ruehmann-alltagsbegleitung.de\/wp-content\/uploads\/2024\/01\/WEB_Sonjabilder-10-1024x682.jpg 1024w, https:\/\/www.ruehmann-alltagsbegleitung.de\/wp-content\/uploads\/2024\/01\/WEB_Sonjabilder-10-300x200.jpg 300w, https:\/\/www.ruehmann-alltagsbegleitung.de\/wp-content\/uploads\/2024\/01\/WEB_Sonjabilder-10-768x512.jpg 768w, https:\/\/www.ruehmann-alltagsbegleitung.de\/wp-content\/uploads\/2024\/01\/WEB_Sonjabilder-10-450x300.jpg 450w, https:\/\/www.ruehmann-alltagsbegleitung.de\/wp-content\/uploads\/2024\/01\/WEB_Sonjabilder-10.jpg 1163w\" sizes=\"auto, (max-width: 1024px) 100vw, 1024px\" \/><\/figure>\n<\/div>","protected":false},"excerpt":{"rendered":"<p>Mein Name ist Sonja R\u00fchmann. Ich lebe im s\u00fcdlichen Dithmarschen und habe in den letzten 30 Jahren beruflich ausschlie\u00dflich mit Menschen unterschiedlichsten Beeintr\u00e4chtigungen gearbeitet. Meine F\u00e4higkeit zu umfassender Betreuung, Begleitung und Beratung habe ich durch stetige Weiterbildungen und Zertifizierungen (verantwortliche &hellip; <a href=\"https:\/\/www.ruehmann-alltagsbegleitung.de\/?page_id=25\">Weiterlesen <span class=\"meta-nav\">&rarr;<\/span><\/a><\/p>\n","protected":false},"author":1,"featured_media":0,"parent":0,"menu_order":0,"comment_status":"closed","ping_status":"closed","template":"","meta":{"footnotes":""},"class_list":["post-25","page","type-page","status-publish","hentry"],"yoast_head":"<!-- This site is optimized with the Yoast SEO plugin v24.4 - https:\/\/yoast.com\/wordpress\/plugins\/seo\/ -->\n<title>\u00dcber mich - R\u00fchmann Alltagsbegleiterin<\/title>\n<meta name=\"robots\" content=\"index, follow, max-snippet:-1, max-image-preview:large, max-video-preview:-1\" \/>\n<link rel=\"canonical\" href=\"https:\/\/www.ruehmann-alltagsbegleitung.de\/?page_id=25\" \/>\n<meta property=\"og:locale\" content=\"de_DE\" \/>\n<meta property=\"og:type\" content=\"article\" \/>\n<meta property=\"og:title\" content=\"\u00dcber mich - R\u00fchmann Alltagsbegleiterin\" \/>\n<meta property=\"og:description\" content=\"Mein Name ist Sonja R\u00fchmann. Ich lebe im s\u00fcdlichen Dithmarschen und habe in den letzten 30 Jahren beruflich ausschlie\u00dflich mit Menschen unterschiedlichsten Beeintr\u00e4chtigungen gearbeitet. Meine F\u00e4higkeit zu umfassender Betreuung, Begleitung und Beratung habe ich durch stetige Weiterbildungen und Zertifizierungen (verantwortliche &hellip; Weiterlesen &rarr;\" \/>\n<meta property=\"og:url\" content=\"https:\/\/www.ruehmann-alltagsbegleitung.de\/?page_id=25\" \/>\n<meta property=\"og:site_name\" content=\"R\u00fchmann Alltagsbegleiterin\" \/>\n<meta property=\"article:modified_time\" content=\"2025-02-08T18:25:34+00:00\" \/>\n<meta property=\"og:image\" content=\"https:\/\/www.ruehmann-alltagsbegleitung.de\/wp-content\/uploads\/2024\/01\/WEB_Sonjabilder-10.jpg\" \/>\n\t<meta property=\"og:image:width\" content=\"1163\" \/>\n\t<meta property=\"og:image:height\" content=\"775\" \/>\n\t<meta property=\"og:image:type\" content=\"image\/jpeg\" \/>\n<meta name=\"twitter:card\" content=\"summary_large_image\" \/>\n<meta name=\"twitter:label1\" content=\"Gesch\u00e4tzte Lesezeit\" \/>\n\t<meta name=\"twitter:data1\" content=\"1\u00a0Minute\" \/>\n<script type=\"application\/ld+json\" class=\"yoast-schema-graph\">{\"@context\":\"https:\/\/schema.org\",\"@graph\":[{\"@type\":\"WebPage\",\"@id\":\"https:\/\/www.ruehmann-alltagsbegleitung.de\/?page_id=25\",\"url\":\"https:\/\/www.ruehmann-alltagsbegleitung.de\/?page_id=25\",\"name\":\"\u00dcber mich - R\u00fchmann Alltagsbegleiterin\",\"isPartOf\":{\"@id\":\"https:\/\/www.ruehmann-alltagsbegleitung.de\/#website\"},\"primaryImageOfPage\":{\"@id\":\"https:\/\/www.ruehmann-alltagsbegleitung.de\/?page_id=25#primaryimage\"},\"image\":{\"@id\":\"https:\/\/www.ruehmann-alltagsbegleitung.de\/?page_id=25#primaryimage\"},\"thumbnailUrl\":\"https:\/\/www.ruehmann-alltagsbegleitung.de\/wp-content\/uploads\/2024\/01\/WEB_Sonjabilder-10-1024x682.jpg\",\"datePublished\":\"2024-01-02T14:31:41+00:00\",\"dateModified\":\"2025-02-08T18:25:34+00:00\",\"breadcrumb\":{\"@id\":\"https:\/\/www.ruehmann-alltagsbegleitung.de\/?page_id=25#breadcrumb\"},\"inLanguage\":\"de\",\"potentialAction\":[{\"@type\":\"ReadAction\",\"target\":[\"https:\/\/www.ruehmann-alltagsbegleitung.de\/?page_id=25\"]}]},{\"@type\":\"ImageObject\",\"inLanguage\":\"de\",\"@id\":\"https:\/\/www.ruehmann-alltagsbegleitung.de\/?page_id=25#primaryimage\",\"url\":\"https:\/\/www.ruehmann-alltagsbegleitung.de\/wp-content\/uploads\/2024\/01\/WEB_Sonjabilder-10.jpg\",\"contentUrl\":\"https:\/\/www.ruehmann-alltagsbegleitung.de\/wp-content\/uploads\/2024\/01\/WEB_Sonjabilder-10.jpg\",\"width\":1163,\"height\":775},{\"@type\":\"BreadcrumbList\",\"@id\":\"https:\/\/www.ruehmann-alltagsbegleitung.de\/?page_id=25#breadcrumb\",\"itemListElement\":[{\"@type\":\"ListItem\",\"position\":1,\"name\":\"Startseite\",\"item\":\"https:\/\/www.ruehmann-alltagsbegleitung.de\/\"},{\"@type\":\"ListItem\",\"position\":2,\"name\":\"\u00dcber mich\"}]},{\"@type\":\"WebSite\",\"@id\":\"https:\/\/www.ruehmann-alltagsbegleitung.de\/#website\",\"url\":\"https:\/\/www.ruehmann-alltagsbegleitung.de\/\",\"name\":\"R\u00fchmann Alltagsbegleiterin\",\"description\":\"F\u00fcr ein selbstbestimmtes Leben im eigenen gewohnten Umfeld\",\"publisher\":{\"@id\":\"https:\/\/www.ruehmann-alltagsbegleitung.de\/#organization\"},\"potentialAction\":[{\"@type\":\"SearchAction\",\"target\":{\"@type\":\"EntryPoint\",\"urlTemplate\":\"https:\/\/www.ruehmann-alltagsbegleitung.de\/?s={search_term_string}\"},\"query-input\":{\"@type\":\"PropertyValueSpecification\",\"valueRequired\":true,\"valueName\":\"search_term_string\"}}],\"inLanguage\":\"de\"},{\"@type\":\"Organization\",\"@id\":\"https:\/\/www.ruehmann-alltagsbegleitung.de\/#organization\",\"name\":\"R\u00fchmann Alltagsbegleiterin\",\"url\":\"https:\/\/www.ruehmann-alltagsbegleitung.de\/\",\"logo\":{\"@type\":\"ImageObject\",\"inLanguage\":\"de\",\"@id\":\"https:\/\/www.ruehmann-alltagsbegleitung.de\/#\/schema\/logo\/image\/\",\"url\":\"https:\/\/www.ruehmann-alltagsbegleitung.de\/wp-content\/uploads\/2025\/02\/logo.jpg\",\"contentUrl\":\"https:\/\/www.ruehmann-alltagsbegleitung.de\/wp-content\/uploads\/2025\/02\/logo.jpg\",\"width\":245,\"height\":253,\"caption\":\"R\u00fchmann Alltagsbegleiterin\"},\"image\":{\"@id\":\"https:\/\/www.ruehmann-alltagsbegleitung.de\/#\/schema\/logo\/image\/\"}}]}<\/script>\n<!-- \/ Yoast SEO plugin. -->","yoast_head_json":{"title":"\u00dcber mich - R\u00fchmann Alltagsbegleiterin","robots":{"index":"index","follow":"follow","max-snippet":"max-snippet:-1","max-image-preview":"max-image-preview:large","max-video-preview":"max-video-preview:-1"},"canonical":"https:\/\/www.ruehmann-alltagsbegleitung.de\/?page_id=25","og_locale":"de_DE","og_type":"article","og_title":"\u00dcber mich - R\u00fchmann Alltagsbegleiterin","og_description":"Mein Name ist Sonja R\u00fchmann. Ich lebe im s\u00fcdlichen Dithmarschen und habe in den letzten 30 Jahren beruflich ausschlie\u00dflich mit Menschen unterschiedlichsten Beeintr\u00e4chtigungen gearbeitet. Meine F\u00e4higkeit zu umfassender Betreuung, Begleitung und Beratung habe ich durch stetige Weiterbildungen und Zertifizierungen (verantwortliche &hellip; Weiterlesen &rarr;","og_url":"https:\/\/www.ruehmann-alltagsbegleitung.de\/?page_id=25","og_site_name":"R\u00fchmann Alltagsbegleiterin","article_modified_time":"2025-02-08T18:25:34+00:00","og_image":[{"width":1163,"height":775,"url":"https:\/\/www.ruehmann-alltagsbegleitung.de\/wp-content\/uploads\/2024\/01\/WEB_Sonjabilder-10.jpg","type":"image\/jpeg"}],"twitter_card":"summary_large_image","twitter_misc":{"Gesch\u00e4tzte Lesezeit":"1\u00a0Minute"},"schema":{"@context":"https:\/\/schema.org","@graph":[{"@type":"WebPage","@id":"https:\/\/www.ruehmann-alltagsbegleitung.de\/?page_id=25","url":"https:\/\/www.ruehmann-alltagsbegleitung.de\/?page_id=25","name":"\u00dcber mich - R\u00fchmann Alltagsbegleiterin","isPartOf":{"@id":"https:\/\/www.ruehmann-alltagsbegleitung.de\/#website"},"primaryImageOfPage":{"@id":"https:\/\/www.ruehmann-alltagsbegleitung.de\/?page_id=25#primaryimage"},"image":{"@id":"https:\/\/www.ruehmann-alltagsbegleitung.de\/?page_id=25#primaryimage"},"thumbnailUrl":"https:\/\/www.ruehmann-alltagsbegleitung.de\/wp-content\/uploads\/2024\/01\/WEB_Sonjabilder-10-1024x682.jpg","datePublished":"2024-01-02T14:31:41+00:00","dateModified":"2025-02-08T18:25:34+00:00","breadcrumb":{"@id":"https:\/\/www.ruehmann-alltagsbegleitung.de\/?page_id=25#breadcrumb"},"inLanguage":"de","potentialAction":[{"@type":"ReadAction","target":["https:\/\/www.ruehmann-alltagsbegleitung.de\/?page_id=25"]}]},{"@type":"ImageObject","inLanguage":"de","@id":"https:\/\/www.ruehmann-alltagsbegleitung.de\/?page_id=25#primaryimage","url":"https:\/\/www.ruehmann-alltagsbegleitung.de\/wp-content\/uploads\/2024\/01\/WEB_Sonjabilder-10.jpg","contentUrl":"https:\/\/www.ruehmann-alltagsbegleitung.de\/wp-content\/uploads\/2024\/01\/WEB_Sonjabilder-10.jpg","width":1163,"height":775},{"@type":"BreadcrumbList","@id":"https:\/\/www.ruehmann-alltagsbegleitung.de\/?page_id=25#breadcrumb","itemListElement":[{"@type":"ListItem","position":1,"name":"Startseite","item":"https:\/\/www.ruehmann-alltagsbegleitung.de\/"},{"@type":"ListItem","position":2,"name":"\u00dcber mich"}]},{"@type":"WebSite","@id":"https:\/\/www.ruehmann-alltagsbegleitung.de\/#website","url":"https:\/\/www.ruehmann-alltagsbegleitung.de\/","name":"R\u00fchmann Alltagsbegleiterin","description":"F\u00fcr ein selbstbestimmtes Leben im eigenen gewohnten Umfeld","publisher":{"@id":"https:\/\/www.ruehmann-alltagsbegleitung.de\/#organization"},"potentialAction":[{"@type":"SearchAction","target":{"@type":"EntryPoint","urlTemplate":"https:\/\/www.ruehmann-alltagsbegleitung.de\/?s={search_term_string}"},"query-input":{"@type":"PropertyValueSpecification","valueRequired":true,"valueName":"search_term_string"}}],"inLanguage":"de"},{"@type":"Organization","@id":"https:\/\/www.ruehmann-alltagsbegleitung.de\/#organization","name":"R\u00fchmann Alltagsbegleiterin","url":"https:\/\/www.ruehmann-alltagsbegleitung.de\/","logo":{"@type":"ImageObject","inLanguage":"de","@id":"https:\/\/www.ruehmann-alltagsbegleitung.de\/#\/schema\/logo\/image\/","url":"https:\/\/www.ruehmann-alltagsbegleitung.de\/wp-content\/uploads\/2025\/02\/logo.jpg","contentUrl":"https:\/\/www.ruehmann-alltagsbegleitung.de\/wp-content\/uploads\/2025\/02\/logo.jpg","width":245,"height":253,"caption":"R\u00fchmann Alltagsbegleiterin"},"image":{"@id":"https:\/\/www.ruehmann-alltagsbegleitung.de\/#\/schema\/logo\/image\/"}}]}},"_links":{"self":[{"href":"https:\/\/www.ruehmann-alltagsbegleitung.de\/index.php?rest_route=\/wp\/v2\/pages\/25","targetHints":{"allow":["GET"]}}],"collection":[{"href":"https:\/\/www.ruehmann-alltagsbegleitung.de\/index.php?rest_route=\/wp\/v2\/pages"}],"about":[{"href":"https:\/\/www.ruehmann-alltagsbegleitung.de\/index.php?rest_route=\/wp\/v2\/types\/page"}],"author":[{"embeddable":true,"href":"https:\/\/www.ruehmann-alltagsbegleitung.de\/index.php?rest_route=\/wp\/v2\/users\/1"}],"replies":[{"embeddable":true,"href":"https:\/\/www.ruehmann-alltagsbegleitung.de\/index.php?rest_route=%2Fwp%2Fv2%2Fcomments&post=25"}],"version-history":[{"count":4,"href":"https:\/\/www.ruehmann-alltagsbegleitung.de\/index.php?rest_route=\/wp\/v2\/pages\/25\/revisions"}],"predecessor-version":[{"id":211,"href":"https:\/\/www.ruehmann-alltagsbegleitung.de\/index.php?rest_route=\/wp\/v2\/pages\/25\/revisions\/211"}],"wp:attachment":[{"href":"https:\/\/www.ruehmann-alltagsbegleitung.de\/index.php?rest_route=%2Fwp%2Fv2%2Fmedia&parent=25"}],"curies":[{"name":"wp","href":"https:\/\/api.w.org\/{rel}","templated":true}]}}